{"id":350,"date":"2026-02-06T09:51:08","date_gmt":"2026-02-06T08:51:08","guid":{"rendered":"http:\/\/powiatwwl.pl\/?page_id=350"},"modified":"2026-02-16T13:19:37","modified_gmt":"2026-02-16T12:19:37","slug":"zabki","status":"publish","type":"page","link":"https:\/\/powiatwwl.pl\/?page_id=350","title":{"rendered":"Z\u0104BKI"},"content":{"rendered":"<div class=\"wp-block-image\">\n<figure class=\"aligncenter size-full\"><img loading=\"lazy\" decoding=\"async\" width=\"480\" height=\"269\" src=\"https:\/\/powiatwwl.pl\/wp-content\/uploads\/2026\/02\/WEBP_LANDSCAPE_480.webp\" alt=\"\" class=\"wp-image-997\" srcset=\"https:\/\/powiatwwl.pl\/wp-content\/uploads\/2026\/02\/WEBP_LANDSCAPE_480.webp 480w, https:\/\/powiatwwl.pl\/wp-content\/uploads\/2026\/02\/WEBP_LANDSCAPE_480-300x168.webp 300w\" sizes=\"auto, (max-width: 480px) 100vw, 480px\" \/><\/figure>\n<\/div>\n\n\n<p><strong>Z\u0105bki <em>(Gmina Miejska)<\/em><\/strong> &#8211; \u00a0\u2013\u00a0<a href=\"https:\/\/pl.wikipedia.org\/wiki\/Miasto\">miasto<\/a>\u00a0w\u00a0<a href=\"https:\/\/pl.wikipedia.org\/wiki\/Wojew%C3%B3dztwo_mazowieckie\">wojew\u00f3dztwie mazowieckim<\/a>, w\u00a0<a href=\"https:\/\/pl.wikipedia.org\/wiki\/Powiat_wo%C5%82omi%C5%84ski\">powiecie wo\u0142omi\u0144skim<\/a>, w\u00a0<a href=\"https:\/\/pl.wikipedia.org\/wiki\/Aglomeracja_warszawska\">aglomeracji warszawskiej<\/a>. W latach 1952\u20131954 miejscowo\u015b\u0107 by\u0142a siedzib\u0105\u00a0<a href=\"https:\/\/pl.wikipedia.org\/wiki\/Z%C4%85bki_(gmina)\">wiejskiej gminy Z\u0105bki<\/a>.\u00a0<a href=\"https:\/\/pl.wikipedia.org\/wiki\/Podzia%C5%82_administracyjny_Polski_(1975%E2%80%931998)\">W latach 1975\u20131998<\/a>\u00a0miasto administracyjnie nale\u017ca\u0142o do\u00a0<a href=\"https:\/\/pl.wikipedia.org\/wiki\/Wojew%C3%B3dztwo_warszawskie_(1975%E2%80%931998)\">wojew\u00f3dztwa warszawskiego<\/a>.<\/p>\n\n\n\n<p>Wed\u0142ug danych&nbsp;<a href=\"https:\/\/pl.wikipedia.org\/wiki\/G%C5%82%C3%B3wny_Urz%C4%85d_Statystyczny\">GUS<\/a>&nbsp;z 1 stycznia 2024 r. miasto liczy\u0142o 45 347 mieszka\u0144c\u00f3w, b\u0119d\u0105c 10. najludniejszym&nbsp;<a href=\"https:\/\/pl.wikipedia.org\/wiki\/Miasta_w_wojew%C3%B3dztwie_mazowieckim\">miastem w wojew\u00f3dztwie<\/a><sup><a href=\"https:\/\/pl.wikipedia.org\/wiki\/Z%C4%85bki#cite_note-PopulacjaPowierzchnia-1\">[1]<\/a><\/sup>.<\/p>\n\n\n\n<p><em>\u017ar\u00f3d\u0142o: Wikipedia<\/em>, <em>foto \u017ar\u00f3d\u0142o: TVN24<\/em><\/p>\n\n\n<div class=\"wp-block-image\">\n<figure class=\"alignleft size-large is-resized\"><img loading=\"lazy\" decoding=\"async\" width=\"1024\" height=\"1024\" src=\"https:\/\/powiatwwl.pl\/wp-content\/uploads\/2026\/02\/pw-2-1024x1024.jpg\" alt=\"\" class=\"wp-image-442\" style=\"width:111px;height:auto\" srcset=\"https:\/\/powiatwwl.pl\/wp-content\/uploads\/2026\/02\/pw-2-1024x1024.jpg 1024w, https:\/\/powiatwwl.pl\/wp-content\/uploads\/2026\/02\/pw-2-300x300.jpg 300w, https:\/\/powiatwwl.pl\/wp-content\/uploads\/2026\/02\/pw-2-150x150.jpg 150w, https:\/\/powiatwwl.pl\/wp-content\/uploads\/2026\/02\/pw-2-768x768.jpg 768w, https:\/\/powiatwwl.pl\/wp-content\/uploads\/2026\/02\/pw-2-80x80.jpg 80w, https:\/\/powiatwwl.pl\/wp-content\/uploads\/2026\/02\/pw-2-320x320.jpg 320w, https:\/\/powiatwwl.pl\/wp-content\/uploads\/2026\/02\/pw-2.jpg 1280w\" sizes=\"auto, (max-width: 1024px) 100vw, 1024px\" \/><\/figure>\n<\/div>\n\n\n<h2 class=\"wp-block-heading\"><strong><a href=\"http:\/\/www.zabki.pl\" data-type=\"link\" data-id=\"www.zabki.pl\">Z\u0104BKI<\/a><\/strong><\/h2>\n\n\n\n<p><\/p>\n","protected":false},"excerpt":{"rendered":"<p>Z\u0105bki (Gmina Miejska) &#8211; \u00a0\u2013\u00a0miasto\u00a0w\u00a0wojew\u00f3dztwie mazowieckim, w\u00a0powiecie wo\u0142omi\u0144skim, w\u00a0aglomeracji warszawskiej. W latach 1952\u20131954 miejscowo\u015b\u0107 by\u0142a siedzib\u0105\u00a0wiejskiej gminy Z\u0105bki.\u00a0W latach 1975\u20131998\u00a0miasto administracyjnie nale\u017ca\u0142o do\u00a0wojew\u00f3dztwa warszawskiego. Wed\u0142ug danych&nbsp;GUS&nbsp;z 1 stycznia 2024 r. miasto liczy\u0142o 45 347 mieszka\u0144c\u00f3w, b\u0119d\u0105c 10. najludniejszym&nbsp;miastem w wojew\u00f3dztwie[1]. \u017ar\u00f3d\u0142o: Wikipedia, foto \u017ar\u00f3d\u0142o: TVN24 Z\u0104BKI<\/p>\n","protected":false},"author":1,"featured_media":0,"parent":0,"menu_order":0,"comment_status":"closed","ping_status":"closed","template":"","meta":{"footnotes":""},"class_list":["post-350","page","type-page","status-publish","hentry"],"_links":{"self":[{"href":"https:\/\/powiatwwl.pl\/index.php?rest_route=\/wp\/v2\/pages\/350","targetHints":{"allow":["GET"]}}],"collection":[{"href":"https:\/\/powiatwwl.pl\/index.php?rest_route=\/wp\/v2\/pages"}],"about":[{"href":"https:\/\/powiatwwl.pl\/index.php?rest_route=\/wp\/v2\/types\/page"}],"author":[{"embeddable":true,"href":"https:\/\/powiatwwl.pl\/index.php?rest_route=\/wp\/v2\/users\/1"}],"replies":[{"embeddable":true,"href":"https:\/\/powiatwwl.pl\/index.php?rest_route=%2Fwp%2Fv2%2Fcomments&post=350"}],"version-history":[{"count":5,"href":"https:\/\/powiatwwl.pl\/index.php?rest_route=\/wp\/v2\/pages\/350\/revisions"}],"predecessor-version":[{"id":1000,"href":"https:\/\/powiatwwl.pl\/index.php?rest_route=\/wp\/v2\/pages\/350\/revisions\/1000"}],"wp:attachment":[{"href":"https:\/\/powiatwwl.pl\/index.php?rest_route=%2Fwp%2Fv2%2Fmedia&parent=350"}],"curies":[{"name":"wp","href":"https:\/\/api.w.org\/{rel}","templated":true}]}}