{"id":948,"date":"2026-02-16T12:29:16","date_gmt":"2026-02-16T11:29:16","guid":{"rendered":"http:\/\/powiatwwl.pl\/?page_id=948"},"modified":"2026-03-01T16:44:19","modified_gmt":"2026-03-01T15:44:19","slug":"koszykowka","status":"publish","type":"page","link":"https:\/\/powiatwwl.pl\/?page_id=948","title":{"rendered":"Koszyk\u00f3wka w Wo\u0142ominie"},"content":{"rendered":"\n<p>Relacje z mecz\u00f3w koszyk\u00f3wki zespo\u0142\u00f3w UKS HURAGAN WO\u0141OMIN ( r\u00f3\u017cne roczniki), ale nie tylko&#8230;<\/p>\n\n\n<div class=\"wp-block-image\">\n<figure class=\"aligncenter size-large is-resized\"><img loading=\"lazy\" decoding=\"async\" width=\"704\" height=\"1024\" src=\"https:\/\/powiatwwl.pl\/wp-content\/uploads\/2026\/03\/639970735_1495382722200560_3886268726945266699_n-704x1024.jpg\" alt=\"\" class=\"wp-image-1534\" style=\"width:382px;height:auto\" srcset=\"https:\/\/powiatwwl.pl\/wp-content\/uploads\/2026\/03\/639970735_1495382722200560_3886268726945266699_n-704x1024.jpg 704w, https:\/\/powiatwwl.pl\/wp-content\/uploads\/2026\/03\/639970735_1495382722200560_3886268726945266699_n-206x300.jpg 206w, https:\/\/powiatwwl.pl\/wp-content\/uploads\/2026\/03\/639970735_1495382722200560_3886268726945266699_n-768x1117.jpg 768w, https:\/\/powiatwwl.pl\/wp-content\/uploads\/2026\/03\/639970735_1495382722200560_3886268726945266699_n-1056x1536.jpg 1056w, https:\/\/powiatwwl.pl\/wp-content\/uploads\/2026\/03\/639970735_1495382722200560_3886268726945266699_n.jpg 1100w\" sizes=\"auto, (max-width: 704px) 100vw, 704px\" \/><\/figure>\n<\/div>\n\n<div class=\"wp-block-image\">\n<figure class=\"alignleft size-full is-resized\"><img loading=\"lazy\" decoding=\"async\" width=\"588\" height=\"588\" src=\"https:\/\/powiatwwl.pl\/wp-content\/uploads\/2026\/03\/480539567_2297540053959276_494058858326780410_n.jpg\" alt=\"\" class=\"wp-image-1532\" style=\"width:110px;height:auto\" srcset=\"https:\/\/powiatwwl.pl\/wp-content\/uploads\/2026\/03\/480539567_2297540053959276_494058858326780410_n.jpg 588w, https:\/\/powiatwwl.pl\/wp-content\/uploads\/2026\/03\/480539567_2297540053959276_494058858326780410_n-300x300.jpg 300w, https:\/\/powiatwwl.pl\/wp-content\/uploads\/2026\/03\/480539567_2297540053959276_494058858326780410_n-150x150.jpg 150w, https:\/\/powiatwwl.pl\/wp-content\/uploads\/2026\/03\/480539567_2297540053959276_494058858326780410_n-80x80.jpg 80w, https:\/\/powiatwwl.pl\/wp-content\/uploads\/2026\/03\/480539567_2297540053959276_494058858326780410_n-320x320.jpg 320w\" sizes=\"auto, (max-width: 588px) 100vw, 588px\" \/><\/figure>\n<\/div>\n\n\n<h2 class=\"wp-block-heading\"><strong><a href=\"https:\/\/www.facebook.com\/osirhuragan\">OSiR HURAGAN WO\u0141OMIN<\/a><\/strong><\/h2>\n\n\n\n<p><\/p>\n","protected":false},"excerpt":{"rendered":"<p>Relacje z mecz\u00f3w koszyk\u00f3wki zespo\u0142\u00f3w UKS HURAGAN WO\u0141OMIN ( r\u00f3\u017cne roczniki), ale nie tylko&#8230; OSiR HURAGAN WO\u0141OMIN<\/p>\n","protected":false},"author":1,"featured_media":0,"parent":0,"menu_order":0,"comment_status":"closed","ping_status":"closed","template":"","meta":{"footnotes":""},"class_list":["post-948","page","type-page","status-publish","hentry"],"_links":{"self":[{"href":"https:\/\/powiatwwl.pl\/index.php?rest_route=\/wp\/v2\/pages\/948","targetHints":{"allow":["GET"]}}],"collection":[{"href":"https:\/\/powiatwwl.pl\/index.php?rest_route=\/wp\/v2\/pages"}],"about":[{"href":"https:\/\/powiatwwl.pl\/index.php?rest_route=\/wp\/v2\/types\/page"}],"author":[{"embeddable":true,"href":"https:\/\/powiatwwl.pl\/index.php?rest_route=\/wp\/v2\/users\/1"}],"replies":[{"embeddable":true,"href":"https:\/\/powiatwwl.pl\/index.php?rest_route=%2Fwp%2Fv2%2Fcomments&post=948"}],"version-history":[{"count":5,"href":"https:\/\/powiatwwl.pl\/index.php?rest_route=\/wp\/v2\/pages\/948\/revisions"}],"predecessor-version":[{"id":1535,"href":"https:\/\/powiatwwl.pl\/index.php?rest_route=\/wp\/v2\/pages\/948\/revisions\/1535"}],"wp:attachment":[{"href":"https:\/\/powiatwwl.pl\/index.php?rest_route=%2Fwp%2Fv2%2Fmedia&parent=948"}],"curies":[{"name":"wp","href":"https:\/\/api.w.org\/{rel}","templated":true}]}}