{"id":960,"date":"2026-02-16T12:33:22","date_gmt":"2026-02-16T11:33:22","guid":{"rendered":"http:\/\/powiatwwl.pl\/?page_id=960"},"modified":"2026-02-28T21:43:15","modified_gmt":"2026-02-28T20:43:15","slug":"turystyka","status":"publish","type":"page","link":"https:\/\/powiatwwl.pl\/?page_id=960","title":{"rendered":"Turystyka"},"content":{"rendered":"\n<figure class=\"wp-block-image size-large\"><img loading=\"lazy\" decoding=\"async\" width=\"1024\" height=\"699\" src=\"https:\/\/powiatwwl.pl\/wp-content\/uploads\/2026\/02\/mapa_powiat_wolomin-1024x699.jpg\" alt=\"\" class=\"wp-image-1471\" srcset=\"https:\/\/powiatwwl.pl\/wp-content\/uploads\/2026\/02\/mapa_powiat_wolomin-1024x699.jpg 1024w, https:\/\/powiatwwl.pl\/wp-content\/uploads\/2026\/02\/mapa_powiat_wolomin-300x205.jpg 300w, https:\/\/powiatwwl.pl\/wp-content\/uploads\/2026\/02\/mapa_powiat_wolomin-768x524.jpg 768w, https:\/\/powiatwwl.pl\/wp-content\/uploads\/2026\/02\/mapa_powiat_wolomin-1536x1048.jpg 1536w, https:\/\/powiatwwl.pl\/wp-content\/uploads\/2026\/02\/mapa_powiat_wolomin-2048x1398.jpg 2048w\" sizes=\"auto, (max-width: 1024px) 100vw, 1024px\" \/><\/figure>\n\n\n<div class=\"wp-block-image\">\n<figure class=\"alignleft size-full is-resized\"><img loading=\"lazy\" decoding=\"async\" width=\"1000\" height=\"1000\" src=\"https:\/\/powiatwwl.pl\/wp-content\/uploads\/2026\/02\/471636105_932837068960092_8115314902211708913_n.jpg\" alt=\"\" class=\"wp-image-47\" style=\"width:110px;height:auto\" srcset=\"https:\/\/powiatwwl.pl\/wp-content\/uploads\/2026\/02\/471636105_932837068960092_8115314902211708913_n.jpg 1000w, https:\/\/powiatwwl.pl\/wp-content\/uploads\/2026\/02\/471636105_932837068960092_8115314902211708913_n-300x300.jpg 300w, https:\/\/powiatwwl.pl\/wp-content\/uploads\/2026\/02\/471636105_932837068960092_8115314902211708913_n-150x150.jpg 150w, https:\/\/powiatwwl.pl\/wp-content\/uploads\/2026\/02\/471636105_932837068960092_8115314902211708913_n-768x768.jpg 768w, https:\/\/powiatwwl.pl\/wp-content\/uploads\/2026\/02\/471636105_932837068960092_8115314902211708913_n-80x80.jpg 80w, https:\/\/powiatwwl.pl\/wp-content\/uploads\/2026\/02\/471636105_932837068960092_8115314902211708913_n-320x320.jpg 320w\" sizes=\"auto, (max-width: 1000px) 100vw, 1000px\" \/><\/figure>\n<\/div>\n\n\n<h2 class=\"wp-block-heading\"><strong><a href=\"http:\/\/www.archiwum.powiat-wolominski.pl\/info\/zawartosc\/177\">WARTO ODWIEDZI\u0106 POWIAT WO\u0141OMI\u0143SKI<\/a><\/strong><\/h2>\n\n\n\n<hr class=\"wp-block-separator aligncenter has-alpha-channel-opacity\"\/>\n","protected":false},"excerpt":{"rendered":"<p>WARTO ODWIEDZI\u0106 POWIAT WO\u0141OMI\u0143SKI<\/p>\n","protected":false},"author":1,"featured_media":0,"parent":0,"menu_order":0,"comment_status":"closed","ping_status":"closed","template":"","meta":{"footnotes":""},"class_list":["post-960","page","type-page","status-publish","hentry"],"_links":{"self":[{"href":"https:\/\/powiatwwl.pl\/index.php?rest_route=\/wp\/v2\/pages\/960","targetHints":{"allow":["GET"]}}],"collection":[{"href":"https:\/\/powiatwwl.pl\/index.php?rest_route=\/wp\/v2\/pages"}],"about":[{"href":"https:\/\/powiatwwl.pl\/index.php?rest_route=\/wp\/v2\/types\/page"}],"author":[{"embeddable":true,"href":"https:\/\/powiatwwl.pl\/index.php?rest_route=\/wp\/v2\/users\/1"}],"replies":[{"embeddable":true,"href":"https:\/\/powiatwwl.pl\/index.php?rest_route=%2Fwp%2Fv2%2Fcomments&post=960"}],"version-history":[{"count":4,"href":"https:\/\/powiatwwl.pl\/index.php?rest_route=\/wp\/v2\/pages\/960\/revisions"}],"predecessor-version":[{"id":1475,"href":"https:\/\/powiatwwl.pl\/index.php?rest_route=\/wp\/v2\/pages\/960\/revisions\/1475"}],"wp:attachment":[{"href":"https:\/\/powiatwwl.pl\/index.php?rest_route=%2Fwp%2Fv2%2Fmedia&parent=960"}],"curies":[{"name":"wp","href":"https:\/\/api.w.org\/{rel}","templated":true}]}}