{"id":963,"date":"2026-02-16T12:34:42","date_gmt":"2026-02-16T11:34:42","guid":{"rendered":"http:\/\/powiatwwl.pl\/?page_id=963"},"modified":"2026-02-23T12:07:36","modified_gmt":"2026-02-23T11:07:36","slug":"iii-liga-zabkovia","status":"publish","type":"page","link":"https:\/\/powiatwwl.pl\/?page_id=963","title":{"rendered":"III liga Z\u0104BKOVIA"},"content":{"rendered":"\n<h2 class=\"wp-block-heading\">PREZENTACJA DRU\u017bYNY runda wiosenna 2026<\/h2>\n\n\n<div class=\"wp-block-image\">\n<figure class=\"aligncenter size-large\"><img loading=\"lazy\" decoding=\"async\" width=\"1024\" height=\"683\" src=\"https:\/\/powiatwwl.pl\/wp-content\/uploads\/2026\/02\/636867597_1357362369526179_1918096333017333615_n-1024x683.jpg\" alt=\"\" class=\"wp-image-1038\" srcset=\"https:\/\/powiatwwl.pl\/wp-content\/uploads\/2026\/02\/636867597_1357362369526179_1918096333017333615_n-1024x683.jpg 1024w, https:\/\/powiatwwl.pl\/wp-content\/uploads\/2026\/02\/636867597_1357362369526179_1918096333017333615_n-300x200.jpg 300w, https:\/\/powiatwwl.pl\/wp-content\/uploads\/2026\/02\/636867597_1357362369526179_1918096333017333615_n-768x512.jpg 768w, https:\/\/powiatwwl.pl\/wp-content\/uploads\/2026\/02\/636867597_1357362369526179_1918096333017333615_n-1536x1024.jpg 1536w, https:\/\/powiatwwl.pl\/wp-content\/uploads\/2026\/02\/636867597_1357362369526179_1918096333017333615_n.jpg 2048w\" sizes=\"auto, (max-width: 1024px) 100vw, 1024px\" \/><\/figure>\n<\/div>\n\n<div class=\"wp-block-image\">\n<figure class=\"alignleft size-full is-resized\"><img loading=\"lazy\" decoding=\"async\" width=\"500\" height=\"500\" src=\"https:\/\/powiatwwl.pl\/wp-content\/uploads\/2026\/02\/zabkovia-herb.png\" alt=\"\" class=\"wp-image-926\" style=\"width:108px;height:auto\" srcset=\"https:\/\/powiatwwl.pl\/wp-content\/uploads\/2026\/02\/zabkovia-herb.png 500w, https:\/\/powiatwwl.pl\/wp-content\/uploads\/2026\/02\/zabkovia-herb-300x300.png 300w, https:\/\/powiatwwl.pl\/wp-content\/uploads\/2026\/02\/zabkovia-herb-150x150.png 150w, https:\/\/powiatwwl.pl\/wp-content\/uploads\/2026\/02\/zabkovia-herb-80x80.png 80w, https:\/\/powiatwwl.pl\/wp-content\/uploads\/2026\/02\/zabkovia-herb-320x320.png 320w\" sizes=\"auto, (max-width: 500px) 100vw, 500px\" \/><\/figure>\n<\/div>\n\n\n<h2 class=\"wp-block-heading\"><strong><a href=\"https:\/\/www.facebook.com\/share\/r\/1DRmvCgPVs\/\">Rolka VIDEO<\/a><\/strong><\/h2>\n\n\n\n<p><\/p>\n\n\n\n<p><\/p>\n\n\n\n<hr class=\"wp-block-separator aligncenter has-alpha-channel-opacity\"\/>\n\n\n<div class=\"wp-block-image\">\n<figure class=\"alignleft size-large is-resized\"><img loading=\"lazy\" decoding=\"async\" width=\"1024\" height=\"1024\" src=\"https:\/\/powiatwwl.pl\/wp-content\/uploads\/2026\/02\/ps-3-1024x1024.jpg\" alt=\"\" class=\"wp-image-552\" style=\"width:113px;height:auto\" srcset=\"https:\/\/powiatwwl.pl\/wp-content\/uploads\/2026\/02\/ps-3-1024x1024.jpg 1024w, https:\/\/powiatwwl.pl\/wp-content\/uploads\/2026\/02\/ps-3-300x300.jpg 300w, https:\/\/powiatwwl.pl\/wp-content\/uploads\/2026\/02\/ps-3-150x150.jpg 150w, https:\/\/powiatwwl.pl\/wp-content\/uploads\/2026\/02\/ps-3-768x768.jpg 768w, https:\/\/powiatwwl.pl\/wp-content\/uploads\/2026\/02\/ps-3-1536x1536.jpg 1536w, https:\/\/powiatwwl.pl\/wp-content\/uploads\/2026\/02\/ps-3-80x80.jpg 80w, https:\/\/powiatwwl.pl\/wp-content\/uploads\/2026\/02\/ps-3-320x320.jpg 320w, https:\/\/powiatwwl.pl\/wp-content\/uploads\/2026\/02\/ps-3.jpg 2048w\" sizes=\"auto, (max-width: 1024px) 100vw, 1024px\" \/><\/figure>\n<\/div>\n\n\n<p class=\"has-text-align-left\"><strong><a href=\"https:\/\/www.facebook.com\/zabkovia1927\">Z\u0104BKOVIA Z\u0104BKI<\/a><\/strong><\/p>\n\n\n\n<p><\/p>\n","protected":false},"excerpt":{"rendered":"<p>PREZENTACJA DRU\u017bYNY runda wiosenna 2026 Rolka VIDEO Z\u0104BKOVIA Z\u0104BKI<\/p>\n","protected":false},"author":1,"featured_media":0,"parent":0,"menu_order":0,"comment_status":"closed","ping_status":"closed","template":"","meta":{"footnotes":""},"class_list":["post-963","page","type-page","status-publish","hentry"],"_links":{"self":[{"href":"https:\/\/powiatwwl.pl\/index.php?rest_route=\/wp\/v2\/pages\/963","targetHints":{"allow":["GET"]}}],"collection":[{"href":"https:\/\/powiatwwl.pl\/index.php?rest_route=\/wp\/v2\/pages"}],"about":[{"href":"https:\/\/powiatwwl.pl\/index.php?rest_route=\/wp\/v2\/types\/page"}],"author":[{"embeddable":true,"href":"https:\/\/powiatwwl.pl\/index.php?rest_route=\/wp\/v2\/users\/1"}],"replies":[{"embeddable":true,"href":"https:\/\/powiatwwl.pl\/index.php?rest_route=%2Fwp%2Fv2%2Fcomments&post=963"}],"version-history":[{"count":6,"href":"https:\/\/powiatwwl.pl\/index.php?rest_route=\/wp\/v2\/pages\/963\/revisions"}],"predecessor-version":[{"id":1044,"href":"https:\/\/powiatwwl.pl\/index.php?rest_route=\/wp\/v2\/pages\/963\/revisions\/1044"}],"wp:attachment":[{"href":"https:\/\/powiatwwl.pl\/index.php?rest_route=%2Fwp%2Fv2%2Fmedia&parent=963"}],"curies":[{"name":"wp","href":"https:\/\/api.w.org\/{rel}","templated":true}]}}